{"id":542,"date":"2018-07-16T08:47:35","date_gmt":"2018-07-16T08:47:35","guid":{"rendered":"http:\/\/neu.heinz-fritz.de\/stellenausschreibungen\/"},"modified":"2023-05-17T06:15:57","modified_gmt":"2023-05-17T04:15:57","slug":"jobs","status":"publish","type":"page","link":"https:\/\/www.heinz-fritz.de\/en\/jobs\/","title":{"rendered":"Jobs"},"content":{"rendered":"\r\n<h1 id=\"stellenangebote\" class=\"wp-block-heading\">Stellenangebote<\/h1>\r\n\r\n\r\n\r\n<p>Die <strong>Heinz Fritz GmbH<\/strong> ist ein familiengef\u00fchrtes, mittelst\u00e4ndisches Industrieunternehmen, mit Sitz im schw\u00e4bischen Herbrechtingen. Spezialisiert auf die Verarbeitung von transparenten Kunststoffen steht das Unternehmen international in einer f\u00fchrenden Position.<br \/>Neben der Realisierung von Gro\u00dfprojekten, wie Druckk\u00f6rper f\u00fcr U-Boote, Gro\u00dfaquarien, Kunstobjekten, etc., liegt die Kernkompetenz in der Verformung,<br \/>Verklebung und Zerspanung, um so eine weite Bandbreite der Kunststoffverarbeitung bedienen zu k\u00f6nnen. Ebenso geh\u00f6ren Maschinenverschutzungen, Teile f\u00fcr die Leuchtenindustrie, f\u00fcr den Messebau, f\u00fcr den Ladenbau, aber auch einfache Zuschnitte zum Lieferprogramm.<\/p>\r\n<p><strong>Wir bieten:<\/strong><\/p>\r\n<ul>\r\n<li>abwechslungsreiche T\u00e4tigkeit und Mitarbeit an innovativen Projekten, welche oftmals weltweit Aufsehen erregen,<\/li>\r\n<li>faire, leistungsgerechte Entlohnung,<\/li>\r\n<li>einen sicheren Arbeitsplatz in einem stetig wachsenden internationalen Unternehmen in famili\u00e4rer Umgebung<\/li>\r\n<\/ul>\r\n<p><strong>Wir suchen:<\/strong><\/p>\r\n<h3 class=\"wp-block-heading\" style=\"text-align: center;\"><strong>Produktionshelfer (m\/w\/d)<br \/><\/strong><a href=\"https:\/\/www.heinz-fritz.de\/pdf\/Stellenangebot4.pdf\" target=\"_blank\" rel=\"noopener\"><img loading=\"lazy\" decoding=\"async\" class=\"alignnone wp-image-1830 size-full\" src=\"https:\/\/www.heinz-fritz.de\/wordpress\/wp-content\/uploads\/2020\/01\/PDF-131.bmp\" alt=\"Stellenangebot\" width=\"45\" height=\"46\" \/><\/a><\/h3>\r\n<p><strong>Wir suchen:<\/strong><\/p>\r\n<h3 style=\"text-align: center;\"><strong>Kaufm\u00e4nnische(r) Mitarbeiter\/-in (m\/w\/d)<br \/>in Teilzeit oder Vollzeit<br \/>T\u00e4tigkeitsfeld Einkauf\/Vertrieb<br \/><\/strong><a href=\"https:\/\/www.heinz-fritz.de\/pdf\/StellenangebotKaufmMA.pdf\" target=\"_blank\" rel=\"noopener\"><img loading=\"lazy\" decoding=\"async\" class=\"alignnone wp-image-1830 size-full\" src=\"https:\/\/www.heinz-fritz.de\/wordpress\/wp-content\/uploads\/2020\/01\/PDF-131.bmp\" alt=\"Stellenangebot\" width=\"45\" height=\"46\" \/><\/a><\/h3>\r\n<p><strong>Wir suchen:<\/strong><\/p>\r\n<h3 style=\"text-align: center;\"><strong>Auszubildende zum Industriekaufmann\/-frau (m\/w\/d)<\/strong><strong><br \/><\/strong><\/h3>\r\n<p style=\"text-align: center;\"><a href=\"https:\/\/www.heinz-fritz.de\/pdf\/ausbildung.pdf\" target=\"_blank\" rel=\"noopener\"><img loading=\"lazy\" decoding=\"async\" class=\"alignnone wp-image-1830 size-full\" src=\"https:\/\/www.heinz-fritz.de\/wordpress\/wp-content\/uploads\/2020\/01\/PDF-131.bmp\" alt=\"Ausbildung 2023\" width=\"45\" height=\"46\" \/><\/a><\/p>\r\n<p>&nbsp;<\/p>\r\n<p><strong>Wir suchen:<\/strong><\/p>\r\n<h3 style=\"text-align: center;\"><strong>Auszubildende zum Modellbauer\/-in (m\/w\/d)<\/strong><\/h3>\r\n<p style=\"text-align: center;\"><a href=\"https:\/\/www.heinz-fritz.de\/pdf\/ausbildung.pdf\" target=\"_blank\" rel=\"noopener\"><img loading=\"lazy\" decoding=\"async\" class=\"alignnone wp-image-1830 size-full\" src=\"https:\/\/www.heinz-fritz.de\/wordpress\/wp-content\/uploads\/2020\/01\/PDF-131.bmp\" alt=\"Ausbildung 2023\" width=\"45\" height=\"46\" \/><\/a><\/p>\r\n<p>Wir freuen uns \u00fcber Ihre Bewerbung per E-Mail an <strong><a href=\"mailto:bewerbung@heinz-fritz.de\">bewerbung@heinz-fritz.de<\/a><\/strong><br \/>Bitte senden Sie uns Ihre Unterlagen im PDF-Format. Anh\u00e4nge in anderen Formaten<br \/>k\u00f6nnen wir aus sicherheitstechnischen Gr\u00fcnden leider nicht bearbeiten.<\/p>\r\n<p>&nbsp;<\/p>\r\n<p><iframe loading=\"lazy\" title=\"WIR SUCHEN DICH! \/\/ Ausbildung in der Heinz Fritz Kunststoffverarbeitung\" width=\"500\" height=\"281\" src=\"https:\/\/www.youtube.com\/embed\/eROAtqQ_mSc?feature=oembed\" frameborder=\"0\" allow=\"accelerometer; autoplay; clipboard-write; encrypted-media; gyroscope; picture-in-picture; web-share\" referrerpolicy=\"strict-origin-when-cross-origin\" allowfullscreen><\/iframe><\/p>\r\n\r\n\r\n","protected":false},"excerpt":{"rendered":"<p>Stellenangebote Die Heinz Fritz GmbH ist ein familiengef\u00fchrtes, mittelst\u00e4ndisches Industrieunternehmen, mit Sitz im schw\u00e4bischen Herbrechtingen. Spezialisiert auf die Verarbeitung von transparenten Kunststoffen steht das Unternehmen international in einer f\u00fchrenden Position.Neben der Realisierung von Gro\u00dfprojekten, wie Druckk\u00f6rper f\u00fcr U-Boote, Gro\u00dfaquarien, Kunstobjekten, etc., liegt die Kernkompetenz in der Verformung,Verklebung und Zerspanung, um so eine weite Bandbreite der&#8230;<\/p>\n<p><a class=\"excerpt-read-more btn btn-primary\" href=\"https:\/\/www.heinz-fritz.de\/en\/jobs\/\" title=\"ReadJobs\">Read More<\/a><\/p>\n","protected":false},"author":6,"featured_media":0,"parent":0,"menu_order":0,"comment_status":"closed","ping_status":"closed","template":"","meta":{"footnotes":""},"class_list":["post-542","page","type-page","status-publish","hentry"],"yoast_head":"<!-- This site is optimized with the Yoast SEO plugin v27.2 - https:\/\/yoast.com\/product\/yoast-seo-wordpress\/ -->\r\n<title>Jobs - Heinz Fritz GmbH Kunststoffverarbeitung<\/title>\r\n<meta name=\"robots\" content=\"index, follow, max-snippet:-1, max-image-preview:large, max-video-preview:-1\" \/>\r\n<link rel=\"canonical\" href=\"https:\/\/www.heinz-fritz.de\/en\/jobs\/\" \/>\r\n<meta property=\"og:locale\" content=\"en_US\" \/>\r\n<meta property=\"og:type\" content=\"article\" \/>\r\n<meta property=\"og:title\" content=\"Jobs - Heinz Fritz GmbH Kunststoffverarbeitung\" \/>\r\n<meta property=\"og:description\" content=\"Stellenangebote Die Heinz Fritz GmbH ist ein familiengef\u00fchrtes, mittelst\u00e4ndisches Industrieunternehmen, mit Sitz im schw\u00e4bischen Herbrechtingen. Spezialisiert auf die Verarbeitung von transparenten Kunststoffen steht das Unternehmen international in einer f\u00fchrenden Position.Neben der Realisierung von Gro\u00dfprojekten, wie Druckk\u00f6rper f\u00fcr U-Boote, Gro\u00dfaquarien, Kunstobjekten, etc., liegt die Kernkompetenz in der Verformung,Verklebung und Zerspanung, um so eine weite Bandbreite der...Read More\" \/>\r\n<meta property=\"og:url\" content=\"https:\/\/www.heinz-fritz.de\/en\/jobs\/\" \/>\r\n<meta property=\"og:site_name\" content=\"Heinz Fritz GmbH Kunststoffverarbeitung\" \/>\r\n<meta property=\"article:modified_time\" content=\"2023-05-17T04:15:57+00:00\" \/>\r\n<meta property=\"og:image\" content=\"https:\/\/www.heinz-fritz.de\/wordpress\/wp-content\/uploads\/2020\/01\/PDF-131.bmp\" \/>\r\n<meta name=\"twitter:label1\" content=\"Est. reading time\" \/>\n\t<meta name=\"twitter:data1\" content=\"2 minutes\" \/>\r\n<script type=\"application\/ld+json\" class=\"yoast-schema-graph\">{\"@context\":\"https:\/\/schema.org\",\"@graph\":[{\"@type\":\"WebPage\",\"@id\":\"https:\/\/www.heinz-fritz.de\/en\/jobs\/\",\"url\":\"https:\/\/www.heinz-fritz.de\/en\/jobs\/\",\"name\":\"Jobs - Heinz Fritz GmbH Kunststoffverarbeitung\",\"isPartOf\":{\"@id\":\"https:\/\/www.heinz-fritz.de\/en\/#website\"},\"primaryImageOfPage\":{\"@id\":\"https:\/\/www.heinz-fritz.de\/en\/jobs\/#primaryimage\"},\"image\":{\"@id\":\"https:\/\/www.heinz-fritz.de\/en\/jobs\/#primaryimage\"},\"thumbnailUrl\":\"https:\/\/www.heinz-fritz.de\/wordpress\/wp-content\/uploads\/2020\/01\/PDF-131.bmp\",\"datePublished\":\"2018-07-16T08:47:35+00:00\",\"dateModified\":\"2023-05-17T04:15:57+00:00\",\"breadcrumb\":{\"@id\":\"https:\/\/www.heinz-fritz.de\/en\/jobs\/#breadcrumb\"},\"inLanguage\":\"en-US\",\"potentialAction\":[{\"@type\":\"ReadAction\",\"target\":[\"https:\/\/www.heinz-fritz.de\/en\/jobs\/\"]}]},{\"@type\":\"ImageObject\",\"inLanguage\":\"en-US\",\"@id\":\"https:\/\/www.heinz-fritz.de\/en\/jobs\/#primaryimage\",\"url\":\"https:\/\/www.heinz-fritz.de\/wordpress\/wp-content\/uploads\/2020\/01\/PDF-131.bmp\",\"contentUrl\":\"https:\/\/www.heinz-fritz.de\/wordpress\/wp-content\/uploads\/2020\/01\/PDF-131.bmp\"},{\"@type\":\"BreadcrumbList\",\"@id\":\"https:\/\/www.heinz-fritz.de\/en\/jobs\/#breadcrumb\",\"itemListElement\":[{\"@type\":\"ListItem\",\"position\":1,\"name\":\"Home\",\"item\":\"https:\/\/www.heinz-fritz.de\/en\/\"},{\"@type\":\"ListItem\",\"position\":2,\"name\":\"Jobs\"}]},{\"@type\":\"WebSite\",\"@id\":\"https:\/\/www.heinz-fritz.de\/en\/#website\",\"url\":\"https:\/\/www.heinz-fritz.de\/en\/\",\"name\":\"Heinz Fritz GmbH Kunststoffverarbeitung\",\"description\":\"\",\"potentialAction\":[{\"@type\":\"SearchAction\",\"target\":{\"@type\":\"EntryPoint\",\"urlTemplate\":\"https:\/\/www.heinz-fritz.de\/en\/?s={search_term_string}\"},\"query-input\":{\"@type\":\"PropertyValueSpecification\",\"valueRequired\":true,\"valueName\":\"search_term_string\"}}],\"inLanguage\":\"en-US\"}]}<\/script>\r\n<!-- \/ Yoast SEO plugin. -->","yoast_head_json":{"title":"Jobs - Heinz Fritz GmbH Kunststoffverarbeitung","robots":{"index":"index","follow":"follow","max-snippet":"max-snippet:-1","max-image-preview":"max-image-preview:large","max-video-preview":"max-video-preview:-1"},"canonical":"https:\/\/www.heinz-fritz.de\/en\/jobs\/","og_locale":"en_US","og_type":"article","og_title":"Jobs - Heinz Fritz GmbH Kunststoffverarbeitung","og_description":"Stellenangebote Die Heinz Fritz GmbH ist ein familiengef\u00fchrtes, mittelst\u00e4ndisches Industrieunternehmen, mit Sitz im schw\u00e4bischen Herbrechtingen. Spezialisiert auf die Verarbeitung von transparenten Kunststoffen steht das Unternehmen international in einer f\u00fchrenden Position.Neben der Realisierung von Gro\u00dfprojekten, wie Druckk\u00f6rper f\u00fcr U-Boote, Gro\u00dfaquarien, Kunstobjekten, etc., liegt die Kernkompetenz in der Verformung,Verklebung und Zerspanung, um so eine weite Bandbreite der...Read More","og_url":"https:\/\/www.heinz-fritz.de\/en\/jobs\/","og_site_name":"Heinz Fritz GmbH Kunststoffverarbeitung","article_modified_time":"2023-05-17T04:15:57+00:00","og_image":[{"url":"https:\/\/www.heinz-fritz.de\/wordpress\/wp-content\/uploads\/2020\/01\/PDF-131.bmp","type":"","width":"","height":""}],"twitter_misc":{"Est. reading time":"2 minutes"},"schema":{"@context":"https:\/\/schema.org","@graph":[{"@type":"WebPage","@id":"https:\/\/www.heinz-fritz.de\/en\/jobs\/","url":"https:\/\/www.heinz-fritz.de\/en\/jobs\/","name":"Jobs - Heinz Fritz GmbH Kunststoffverarbeitung","isPartOf":{"@id":"https:\/\/www.heinz-fritz.de\/en\/#website"},"primaryImageOfPage":{"@id":"https:\/\/www.heinz-fritz.de\/en\/jobs\/#primaryimage"},"image":{"@id":"https:\/\/www.heinz-fritz.de\/en\/jobs\/#primaryimage"},"thumbnailUrl":"https:\/\/www.heinz-fritz.de\/wordpress\/wp-content\/uploads\/2020\/01\/PDF-131.bmp","datePublished":"2018-07-16T08:47:35+00:00","dateModified":"2023-05-17T04:15:57+00:00","breadcrumb":{"@id":"https:\/\/www.heinz-fritz.de\/en\/jobs\/#breadcrumb"},"inLanguage":"en-US","potentialAction":[{"@type":"ReadAction","target":["https:\/\/www.heinz-fritz.de\/en\/jobs\/"]}]},{"@type":"ImageObject","inLanguage":"en-US","@id":"https:\/\/www.heinz-fritz.de\/en\/jobs\/#primaryimage","url":"https:\/\/www.heinz-fritz.de\/wordpress\/wp-content\/uploads\/2020\/01\/PDF-131.bmp","contentUrl":"https:\/\/www.heinz-fritz.de\/wordpress\/wp-content\/uploads\/2020\/01\/PDF-131.bmp"},{"@type":"BreadcrumbList","@id":"https:\/\/www.heinz-fritz.de\/en\/jobs\/#breadcrumb","itemListElement":[{"@type":"ListItem","position":1,"name":"Home","item":"https:\/\/www.heinz-fritz.de\/en\/"},{"@type":"ListItem","position":2,"name":"Jobs"}]},{"@type":"WebSite","@id":"https:\/\/www.heinz-fritz.de\/en\/#website","url":"https:\/\/www.heinz-fritz.de\/en\/","name":"Heinz Fritz GmbH Kunststoffverarbeitung","description":"","potentialAction":[{"@type":"SearchAction","target":{"@type":"EntryPoint","urlTemplate":"https:\/\/www.heinz-fritz.de\/en\/?s={search_term_string}"},"query-input":{"@type":"PropertyValueSpecification","valueRequired":true,"valueName":"search_term_string"}}],"inLanguage":"en-US"}]}},"_links":{"self":[{"href":"https:\/\/www.heinz-fritz.de\/en\/wp-json\/wp\/v2\/pages\/542","targetHints":{"allow":["GET"]}}],"collection":[{"href":"https:\/\/www.heinz-fritz.de\/en\/wp-json\/wp\/v2\/pages"}],"about":[{"href":"https:\/\/www.heinz-fritz.de\/en\/wp-json\/wp\/v2\/types\/page"}],"author":[{"embeddable":true,"href":"https:\/\/www.heinz-fritz.de\/en\/wp-json\/wp\/v2\/users\/6"}],"replies":[{"embeddable":true,"href":"https:\/\/www.heinz-fritz.de\/en\/wp-json\/wp\/v2\/comments?post=542"}],"version-history":[{"count":9,"href":"https:\/\/www.heinz-fritz.de\/en\/wp-json\/wp\/v2\/pages\/542\/revisions"}],"predecessor-version":[{"id":3134,"href":"https:\/\/www.heinz-fritz.de\/en\/wp-json\/wp\/v2\/pages\/542\/revisions\/3134"}],"wp:attachment":[{"href":"https:\/\/www.heinz-fritz.de\/en\/wp-json\/wp\/v2\/media?parent=542"}],"curies":[{"name":"wp","href":"https:\/\/api.w.org\/{rel}","templated":true}]}}