{"id":3091,"date":"2023-02-15T11:31:30","date_gmt":"2023-02-15T10:31:30","guid":{"rendered":"https:\/\/www.heinz-fritz.de\/?page_id=3091"},"modified":"2023-02-15T13:30:32","modified_gmt":"2023-02-15T12:30:32","slug":"imprint","status":"publish","type":"page","link":"https:\/\/www.heinz-fritz.de\/en\/imprint\/","title":{"rendered":"Imprint"},"content":{"rendered":"<section class=\"page-content entry-content clearfix\">\n<h1>Imprint<\/h1>\n<p>Die Internetauftritte www.heinz-fritz.de und www.heinz-fritz.com werden betrieben von:<\/p>\n<p>Heinz Fritz GmbH<br \/>\nGewerbestra\u00dfe 11<br \/>\n89542 Herbrechtingen<br \/>\nGermany<\/p>\n<p>Sitz der Gesellschaft: Herbrechtingen\/Brenz<br \/>\nRegistergericht: Amtsgericht Ulm<br \/>\nRegisternummer: HRA 733984<br \/>\nUmsatzsteuer-Identifikationsnummer gem\u00e4\u00df \u00a727a Umsatzsteuergesetz: DE307091963<\/p>\n<p>Vertretungsberechtigter f\u00fcr die Internetauftritte im Sinne des<br \/>\nMediendienstestaatsvertrags \/ Teledienstgesetz:<br \/>\nHerr Jakob Sixl<br \/>\nGewerbestra\u00dfe 11<br \/>\n89542 Herbrechtingen<br \/>\nGermany<\/p>\n<p>Das Angebot des Internetauftrittes wird von Heinz Fritz GmbH, Jakob Sixl koordiniert.<\/p>\n<p><strong>Haftungsausschluss:<\/strong><br \/>\nAlle auf den Internetseiten von der Heinz Fritz GmbH enthaltenen Informationen sind nach bestem Wissen und Gewissen erstellt. F\u00fcr die Richtigkeit, Aktualit\u00e4t, Korrektheit, Qualit\u00e4t und Vollst\u00e4ndigkeit der Informationen sowie die technische Funktion der Internetauftritte wird keine Gew\u00e4hr \u00fcbernommen.<br \/>\nHeinz Fritz GmbH beh\u00e4lt es sich vor, Teile der Internetauftritte oder das gesamte Angebot ohne gesonderte Ank\u00fcndigung zu ver\u00e4ndern, zu erg\u00e4nzen, zu l\u00f6schen oder die Ver\u00f6ffentlichung zeitweise oder endg\u00fcltig einzustellen. Versehentliche Verf\u00e4lschungen oder Manipulationen durch Dritte der Inhalte k\u00f6nnen nicht von vornherein ausgeschlossen werden. In keinem Fall \u00fcbernimmt die Heinz Fritz GmbH f\u00fcr Sch\u00e4den, die durch missbr\u00e4uchliche Ver\u00e4nderung oder Verwendung der Daten durch Dritte verursacht werden, die Gew\u00e4hrleistung. Ein eventuelles Risiko mit der Nutzung der Internetauftritte der Heinz Fritz GmbH liegen bei den Nutzerinnen und Nutzern.<br \/>\nHaftungsanspr\u00fcche gegen die Heinz Fritz GmbH, welche sich auf Sch\u00e4den materieller oder ideeller Art beziehen, die durch die Nutzung oder Nichtnutzung der dargebotenen Informationen bzw. durch die Nutzung fehlerhafter und unvollst\u00e4ndiger Informationen verursacht wurden, sind grunds\u00e4tzlich ausgeschlossen.<\/p>\n<p><strong>Externe Links<\/strong><br \/>\nMit dem Urteil vom 12. Mai 1998 hat das Landgericht Hamburg entschieden, dass man durch die Anbringung eines Links die Inhalte der gelinkten Seite ggf. mit zu verantworten hat.<br \/>\nDies kann \u2013 so das LG \u2013 nur dadurch verhindert werden, dass man sich ausdr\u00fccklich von diesen Inhalten distanziert. Die Heinz Fritz GmbH hat auf verschiedenen Seiten seiner Internetauftritte Links zu anderen Websites im Internet gesetzt. F\u00fcr den Fall dieser Links gilt: Die Heinz Fritz GmbH betont ausdr\u00fccklich, dass sie keinerlei Einfluss auf die Gestaltung und die Inhalte der gelinkten Seiten haben. Deshalb distanziert sich die Heinz Fritz GmbH ausdr\u00fccklich von allen Inhalten aller gelinkten Seiten auf ihren Internetauftritten und machen sich die Inhalte der verlinkten Websites nicht zu eigen.<\/p>\n<p><strong>Urheberrecht, Inhalte, Layout und Design<\/strong><br \/>\nDie Inhalte, das Layout und das Design der Internetseiten der Heinz Fritz GmbH sind urheberrechtlich gesch\u00fctzt. Die Vervielf\u00e4ltigung, Bearbeitung, \u00dcbersetzung, Einspeicherung, Verarbeitung von Teilen des Inhalts, insbesondere die Verwendung von Bildern, Texten und Textteilen ist nur mit schriftlicher Genehmigung der Heinz Fritz GmbH zul\u00e4ssig.<\/p>\n<p><strong>Verwendete Markenzeichen<\/strong><br \/>\nPLEXIGLAS\u00ae ist eine eingetragene Marke der R\u00f6hm GmbH<br \/>\nMAKROLON\u00ae ist eine eingetragene Marke der Covestro Deutschland AG<br \/>\nExolon\u00ae ist eine eingetragene Marke der Exolon Holding GmbH<\/p>\n<\/section>\n","protected":false},"excerpt":{"rendered":"<p>Imprint Die Internetauftritte www.heinz-fritz.de und www.heinz-fritz.com werden betrieben von: Heinz Fritz GmbH Gewerbestra\u00dfe 11 89542 Herbrechtingen Germany Sitz der Gesellschaft: Herbrechtingen\/Brenz Registergericht: Amtsgericht Ulm Registernummer: HRA 733984 Umsatzsteuer-Identifikationsnummer gem\u00e4\u00df \u00a727a Umsatzsteuergesetz: DE307091963 Vertretungsberechtigter f\u00fcr die Internetauftritte im Sinne des Mediendienstestaatsvertrags \/ Teledienstgesetz: Herr Jakob Sixl Gewerbestra\u00dfe 11 89542 Herbrechtingen Germany Das Angebot des Internetauftrittes wird&#8230;<\/p>\n<p><a class=\"excerpt-read-more btn btn-primary\" href=\"https:\/\/www.heinz-fritz.de\/en\/imprint\/\" title=\"ReadImprint\">Read More<\/a><\/p>\n","protected":false},"author":6,"featured_media":0,"parent":0,"menu_order":0,"comment_status":"closed","ping_status":"closed","template":"","meta":{"footnotes":""},"class_list":["post-3091","page","type-page","status-publish","hentry"],"yoast_head":"<!-- This site is optimized with the Yoast SEO plugin v27.2 - https:\/\/yoast.com\/product\/yoast-seo-wordpress\/ -->\r\n<title>Imprint - Heinz Fritz GmbH Kunststoffverarbeitung<\/title>\r\n<meta name=\"robots\" content=\"index, follow, max-snippet:-1, max-image-preview:large, max-video-preview:-1\" \/>\r\n<link rel=\"canonical\" href=\"https:\/\/www.heinz-fritz.de\/en\/imprint\/\" \/>\r\n<meta property=\"og:locale\" content=\"en_US\" \/>\r\n<meta property=\"og:type\" content=\"article\" \/>\r\n<meta property=\"og:title\" content=\"Imprint - Heinz Fritz GmbH Kunststoffverarbeitung\" \/>\r\n<meta property=\"og:description\" content=\"Imprint Die Internetauftritte www.heinz-fritz.de und www.heinz-fritz.com werden betrieben von: Heinz Fritz GmbH Gewerbestra\u00dfe 11 89542 Herbrechtingen Germany Sitz der Gesellschaft: Herbrechtingen\/Brenz Registergericht: Amtsgericht Ulm Registernummer: HRA 733984 Umsatzsteuer-Identifikationsnummer gem\u00e4\u00df \u00a727a Umsatzsteuergesetz: DE307091963 Vertretungsberechtigter f\u00fcr die Internetauftritte im Sinne des Mediendienstestaatsvertrags \/ Teledienstgesetz: Herr Jakob Sixl Gewerbestra\u00dfe 11 89542 Herbrechtingen Germany Das Angebot des Internetauftrittes wird...Read More\" \/>\r\n<meta property=\"og:url\" content=\"https:\/\/www.heinz-fritz.de\/en\/imprint\/\" \/>\r\n<meta property=\"og:site_name\" content=\"Heinz Fritz GmbH Kunststoffverarbeitung\" \/>\r\n<meta property=\"article:modified_time\" content=\"2023-02-15T12:30:32+00:00\" \/>\r\n<meta name=\"twitter:label1\" content=\"Est. reading time\" \/>\n\t<meta name=\"twitter:data1\" content=\"3 minutes\" \/>\r\n<script type=\"application\/ld+json\" class=\"yoast-schema-graph\">{\"@context\":\"https:\/\/schema.org\",\"@graph\":[{\"@type\":\"WebPage\",\"@id\":\"https:\/\/www.heinz-fritz.de\/en\/imprint\/\",\"url\":\"https:\/\/www.heinz-fritz.de\/en\/imprint\/\",\"name\":\"Imprint - Heinz Fritz GmbH Kunststoffverarbeitung\",\"isPartOf\":{\"@id\":\"https:\/\/www.heinz-fritz.de\/en\/#website\"},\"datePublished\":\"2023-02-15T10:31:30+00:00\",\"dateModified\":\"2023-02-15T12:30:32+00:00\",\"breadcrumb\":{\"@id\":\"https:\/\/www.heinz-fritz.de\/en\/imprint\/#breadcrumb\"},\"inLanguage\":\"en-US\",\"potentialAction\":[{\"@type\":\"ReadAction\",\"target\":[\"https:\/\/www.heinz-fritz.de\/en\/imprint\/\"]}]},{\"@type\":\"BreadcrumbList\",\"@id\":\"https:\/\/www.heinz-fritz.de\/en\/imprint\/#breadcrumb\",\"itemListElement\":[{\"@type\":\"ListItem\",\"position\":1,\"name\":\"Home\",\"item\":\"https:\/\/www.heinz-fritz.de\/en\/\"},{\"@type\":\"ListItem\",\"position\":2,\"name\":\"Imprint\"}]},{\"@type\":\"WebSite\",\"@id\":\"https:\/\/www.heinz-fritz.de\/en\/#website\",\"url\":\"https:\/\/www.heinz-fritz.de\/en\/\",\"name\":\"Heinz Fritz GmbH Kunststoffverarbeitung\",\"description\":\"\",\"potentialAction\":[{\"@type\":\"SearchAction\",\"target\":{\"@type\":\"EntryPoint\",\"urlTemplate\":\"https:\/\/www.heinz-fritz.de\/en\/?s={search_term_string}\"},\"query-input\":{\"@type\":\"PropertyValueSpecification\",\"valueRequired\":true,\"valueName\":\"search_term_string\"}}],\"inLanguage\":\"en-US\"}]}<\/script>\r\n<!-- \/ Yoast SEO plugin. -->","yoast_head_json":{"title":"Imprint - Heinz Fritz GmbH Kunststoffverarbeitung","robots":{"index":"index","follow":"follow","max-snippet":"max-snippet:-1","max-image-preview":"max-image-preview:large","max-video-preview":"max-video-preview:-1"},"canonical":"https:\/\/www.heinz-fritz.de\/en\/imprint\/","og_locale":"en_US","og_type":"article","og_title":"Imprint - Heinz Fritz GmbH Kunststoffverarbeitung","og_description":"Imprint Die Internetauftritte www.heinz-fritz.de und www.heinz-fritz.com werden betrieben von: Heinz Fritz GmbH Gewerbestra\u00dfe 11 89542 Herbrechtingen Germany Sitz der Gesellschaft: Herbrechtingen\/Brenz Registergericht: Amtsgericht Ulm Registernummer: HRA 733984 Umsatzsteuer-Identifikationsnummer gem\u00e4\u00df \u00a727a Umsatzsteuergesetz: DE307091963 Vertretungsberechtigter f\u00fcr die Internetauftritte im Sinne des Mediendienstestaatsvertrags \/ Teledienstgesetz: Herr Jakob Sixl Gewerbestra\u00dfe 11 89542 Herbrechtingen Germany Das Angebot des Internetauftrittes wird...Read More","og_url":"https:\/\/www.heinz-fritz.de\/en\/imprint\/","og_site_name":"Heinz Fritz GmbH Kunststoffverarbeitung","article_modified_time":"2023-02-15T12:30:32+00:00","twitter_misc":{"Est. reading time":"3 minutes"},"schema":{"@context":"https:\/\/schema.org","@graph":[{"@type":"WebPage","@id":"https:\/\/www.heinz-fritz.de\/en\/imprint\/","url":"https:\/\/www.heinz-fritz.de\/en\/imprint\/","name":"Imprint - Heinz Fritz GmbH Kunststoffverarbeitung","isPartOf":{"@id":"https:\/\/www.heinz-fritz.de\/en\/#website"},"datePublished":"2023-02-15T10:31:30+00:00","dateModified":"2023-02-15T12:30:32+00:00","breadcrumb":{"@id":"https:\/\/www.heinz-fritz.de\/en\/imprint\/#breadcrumb"},"inLanguage":"en-US","potentialAction":[{"@type":"ReadAction","target":["https:\/\/www.heinz-fritz.de\/en\/imprint\/"]}]},{"@type":"BreadcrumbList","@id":"https:\/\/www.heinz-fritz.de\/en\/imprint\/#breadcrumb","itemListElement":[{"@type":"ListItem","position":1,"name":"Home","item":"https:\/\/www.heinz-fritz.de\/en\/"},{"@type":"ListItem","position":2,"name":"Imprint"}]},{"@type":"WebSite","@id":"https:\/\/www.heinz-fritz.de\/en\/#website","url":"https:\/\/www.heinz-fritz.de\/en\/","name":"Heinz Fritz GmbH Kunststoffverarbeitung","description":"","potentialAction":[{"@type":"SearchAction","target":{"@type":"EntryPoint","urlTemplate":"https:\/\/www.heinz-fritz.de\/en\/?s={search_term_string}"},"query-input":{"@type":"PropertyValueSpecification","valueRequired":true,"valueName":"search_term_string"}}],"inLanguage":"en-US"}]}},"_links":{"self":[{"href":"https:\/\/www.heinz-fritz.de\/en\/wp-json\/wp\/v2\/pages\/3091","targetHints":{"allow":["GET"]}}],"collection":[{"href":"https:\/\/www.heinz-fritz.de\/en\/wp-json\/wp\/v2\/pages"}],"about":[{"href":"https:\/\/www.heinz-fritz.de\/en\/wp-json\/wp\/v2\/types\/page"}],"author":[{"embeddable":true,"href":"https:\/\/www.heinz-fritz.de\/en\/wp-json\/wp\/v2\/users\/6"}],"replies":[{"embeddable":true,"href":"https:\/\/www.heinz-fritz.de\/en\/wp-json\/wp\/v2\/comments?post=3091"}],"version-history":[{"count":2,"href":"https:\/\/www.heinz-fritz.de\/en\/wp-json\/wp\/v2\/pages\/3091\/revisions"}],"predecessor-version":[{"id":3093,"href":"https:\/\/www.heinz-fritz.de\/en\/wp-json\/wp\/v2\/pages\/3091\/revisions\/3093"}],"wp:attachment":[{"href":"https:\/\/www.heinz-fritz.de\/en\/wp-json\/wp\/v2\/media?parent=3091"}],"curies":[{"name":"wp","href":"https:\/\/api.w.org\/{rel}","templated":true}]}}