{"id":1053,"date":"2019-03-12T12:22:00","date_gmt":"2019-03-12T12:22:00","guid":{"rendered":"http:\/\/neu.heinz-fritz.de\/company-profile\/services\/"},"modified":"2020-01-31T14:01:17","modified_gmt":"2020-01-31T13:01:17","slug":"services","status":"publish","type":"page","link":"https:\/\/www.heinz-fritz.de\/en\/company-profile\/services\/","title":{"rendered":"Services"},"content":{"rendered":"<h1>Services<\/h1>\n<p>Neben unseren eigenen Produkten verarbeiten wir nat\u00fcrlich auch andere handels\u00fcbliche Kunststoffe.<\/p>\n<p>Unsere Werkstoffe sind Acrylglas ( PLEXIGLAS\u00ae ), Polycarbonat ( MAKROLON\u00ae ),<br \/>\nPETG ( VIVAK\u00ae ) und andere Kunststoffe.<br \/>\nAus diesen Materialien fertigen wir in fachgerechten Verarbeitungsschritten hochwertige Fertigteile (Serien- oder Einzelanfertigungen) nach Ihren Zeichnungen und W\u00fcnschen. Selbstverst\u00e4ndlich liefern wir Ihnen o.g. Kunststoffe auch als Halbzeug-Ware (Platten: glatt und strukturiert, Rohre\/St\u00e4be).<br \/>\nHierf\u00fcr steht uns ein hochleistungsf\u00e4higer Maschinenpark zur Verf\u00fcgung. Nur einige Stichworte sollen Sie auf uns neugierig machen:<\/p>\n<ul>\n<li>CNC 3-Achs-Fr\u00e4sen bis Format 5 x 2,5 m<\/li>\n<li>CNC 5-Achs-Fr\u00e4sen bis Format 20 x 5 x 2,5 m<\/li>\n<li>CNC Zuschnitte bis Format 4,3 x 4,3 x 0,2 m<\/li>\n<li>Mikroperforation bis Format 3 x 3 m<\/li>\n<li>Systeml\u00f6sungen<\/li>\n<li>CAD-Daten\u00fcbernahme<\/li>\n<li>Abkantungen<\/li>\n<li>Konstruktionsbetreuung<\/li>\n<li>Teile-Kennzeichnung<\/li>\n<li>Klebeteile hochwertiger G\u00fcte<\/li>\n<li>Thermische Verformungen bis Format:<br \/>\n15 x 4,5 x 3 m<br \/>\n5 x 5 x 4,5 m<\/li>\n<\/ul>\n<p>Mit all diesen M\u00f6glichkeiten wollen wir gemeinsam mit Ihnen in den Bereichen Industrie, Maschinenschutz, Technik und Messebau Wege einer Zusammenarbeit suchen.<br \/>\nNat\u00fcrlich beraten wir Sie auf Wunsch auch pers\u00f6nlich um mit Ihnen eine f\u00fcr Sie optimale L\u00f6sung zu finden. Unsere jahrzehntelange Erfahrung in der Verarbeitung von Kunststoffen und unser anwendungstechnischer Know-How gibt Ihnen die ben\u00f6tigte Sicherheit.<\/p>\n","protected":false},"excerpt":{"rendered":"<p>Services Neben unseren eigenen Produkten verarbeiten wir nat\u00fcrlich auch andere handels\u00fcbliche Kunststoffe. Unsere Werkstoffe sind Acrylglas ( PLEXIGLAS\u00ae ), Polycarbonat ( MAKROLON\u00ae ), PETG ( VIVAK\u00ae ) und andere Kunststoffe. Aus diesen Materialien fertigen wir in fachgerechten Verarbeitungsschritten hochwertige Fertigteile (Serien- oder Einzelanfertigungen) nach Ihren Zeichnungen und W\u00fcnschen. Selbstverst\u00e4ndlich liefern wir Ihnen o.g. Kunststoffe auch&#8230;<\/p>\n<p><a class=\"excerpt-read-more btn btn-primary\" href=\"https:\/\/www.heinz-fritz.de\/en\/company-profile\/services\/\" title=\"ReadServices\">Read More<\/a><\/p>\n","protected":false},"author":1,"featured_media":0,"parent":555,"menu_order":0,"comment_status":"closed","ping_status":"closed","template":"","meta":{"footnotes":""},"class_list":["post-1053","page","type-page","status-publish","hentry"],"yoast_head":"<!-- This site is optimized with the Yoast SEO plugin v27.2 - https:\/\/yoast.com\/product\/yoast-seo-wordpress\/ -->\r\n<title>Services - Heinz Fritz GmbH Kunststoffverarbeitung<\/title>\r\n<meta name=\"robots\" content=\"index, follow, max-snippet:-1, max-image-preview:large, max-video-preview:-1\" \/>\r\n<link rel=\"canonical\" href=\"https:\/\/www.heinz-fritz.de\/en\/company-profile\/services\/\" \/>\r\n<meta property=\"og:locale\" content=\"en_US\" \/>\r\n<meta property=\"og:type\" content=\"article\" \/>\r\n<meta property=\"og:title\" content=\"Services - Heinz Fritz GmbH Kunststoffverarbeitung\" \/>\r\n<meta property=\"og:description\" content=\"Services Neben unseren eigenen Produkten verarbeiten wir nat\u00fcrlich auch andere handels\u00fcbliche Kunststoffe. Unsere Werkstoffe sind Acrylglas ( PLEXIGLAS\u00ae ), Polycarbonat ( MAKROLON\u00ae ), PETG ( VIVAK\u00ae ) und andere Kunststoffe. Aus diesen Materialien fertigen wir in fachgerechten Verarbeitungsschritten hochwertige Fertigteile (Serien- oder Einzelanfertigungen) nach Ihren Zeichnungen und W\u00fcnschen. Selbstverst\u00e4ndlich liefern wir Ihnen o.g. Kunststoffe auch...Read More\" \/>\r\n<meta property=\"og:url\" content=\"https:\/\/www.heinz-fritz.de\/en\/company-profile\/services\/\" \/>\r\n<meta property=\"og:site_name\" content=\"Heinz Fritz GmbH Kunststoffverarbeitung\" \/>\r\n<meta property=\"article:modified_time\" content=\"2020-01-31T13:01:17+00:00\" \/>\r\n<meta name=\"twitter:label1\" content=\"Est. reading time\" \/>\n\t<meta name=\"twitter:data1\" content=\"1 minute\" \/>\r\n<script type=\"application\/ld+json\" class=\"yoast-schema-graph\">{\"@context\":\"https:\/\/schema.org\",\"@graph\":[{\"@type\":\"WebPage\",\"@id\":\"https:\/\/www.heinz-fritz.de\/en\/company-profile\/services\/\",\"url\":\"https:\/\/www.heinz-fritz.de\/en\/company-profile\/services\/\",\"name\":\"Services - Heinz Fritz GmbH Kunststoffverarbeitung\",\"isPartOf\":{\"@id\":\"https:\/\/www.heinz-fritz.de\/en\/#website\"},\"datePublished\":\"2019-03-12T12:22:00+00:00\",\"dateModified\":\"2020-01-31T13:01:17+00:00\",\"breadcrumb\":{\"@id\":\"https:\/\/www.heinz-fritz.de\/en\/company-profile\/services\/#breadcrumb\"},\"inLanguage\":\"en-US\",\"potentialAction\":[{\"@type\":\"ReadAction\",\"target\":[\"https:\/\/www.heinz-fritz.de\/en\/company-profile\/services\/\"]}]},{\"@type\":\"BreadcrumbList\",\"@id\":\"https:\/\/www.heinz-fritz.de\/en\/company-profile\/services\/#breadcrumb\",\"itemListElement\":[{\"@type\":\"ListItem\",\"position\":1,\"name\":\"Home\",\"item\":\"https:\/\/www.heinz-fritz.de\/en\/\"},{\"@type\":\"ListItem\",\"position\":2,\"name\":\"Company profile\",\"item\":\"https:\/\/www.heinz-fritz.de\/en\/company-profile\/\"},{\"@type\":\"ListItem\",\"position\":3,\"name\":\"Services\"}]},{\"@type\":\"WebSite\",\"@id\":\"https:\/\/www.heinz-fritz.de\/en\/#website\",\"url\":\"https:\/\/www.heinz-fritz.de\/en\/\",\"name\":\"Heinz Fritz GmbH Kunststoffverarbeitung\",\"description\":\"\",\"potentialAction\":[{\"@type\":\"SearchAction\",\"target\":{\"@type\":\"EntryPoint\",\"urlTemplate\":\"https:\/\/www.heinz-fritz.de\/en\/?s={search_term_string}\"},\"query-input\":{\"@type\":\"PropertyValueSpecification\",\"valueRequired\":true,\"valueName\":\"search_term_string\"}}],\"inLanguage\":\"en-US\"}]}<\/script>\r\n<!-- \/ Yoast SEO plugin. -->","yoast_head_json":{"title":"Services - Heinz Fritz GmbH Kunststoffverarbeitung","robots":{"index":"index","follow":"follow","max-snippet":"max-snippet:-1","max-image-preview":"max-image-preview:large","max-video-preview":"max-video-preview:-1"},"canonical":"https:\/\/www.heinz-fritz.de\/en\/company-profile\/services\/","og_locale":"en_US","og_type":"article","og_title":"Services - Heinz Fritz GmbH Kunststoffverarbeitung","og_description":"Services Neben unseren eigenen Produkten verarbeiten wir nat\u00fcrlich auch andere handels\u00fcbliche Kunststoffe. Unsere Werkstoffe sind Acrylglas ( PLEXIGLAS\u00ae ), Polycarbonat ( MAKROLON\u00ae ), PETG ( VIVAK\u00ae ) und andere Kunststoffe. Aus diesen Materialien fertigen wir in fachgerechten Verarbeitungsschritten hochwertige Fertigteile (Serien- oder Einzelanfertigungen) nach Ihren Zeichnungen und W\u00fcnschen. Selbstverst\u00e4ndlich liefern wir Ihnen o.g. Kunststoffe auch...Read More","og_url":"https:\/\/www.heinz-fritz.de\/en\/company-profile\/services\/","og_site_name":"Heinz Fritz GmbH Kunststoffverarbeitung","article_modified_time":"2020-01-31T13:01:17+00:00","twitter_misc":{"Est. reading time":"1 minute"},"schema":{"@context":"https:\/\/schema.org","@graph":[{"@type":"WebPage","@id":"https:\/\/www.heinz-fritz.de\/en\/company-profile\/services\/","url":"https:\/\/www.heinz-fritz.de\/en\/company-profile\/services\/","name":"Services - Heinz Fritz GmbH Kunststoffverarbeitung","isPartOf":{"@id":"https:\/\/www.heinz-fritz.de\/en\/#website"},"datePublished":"2019-03-12T12:22:00+00:00","dateModified":"2020-01-31T13:01:17+00:00","breadcrumb":{"@id":"https:\/\/www.heinz-fritz.de\/en\/company-profile\/services\/#breadcrumb"},"inLanguage":"en-US","potentialAction":[{"@type":"ReadAction","target":["https:\/\/www.heinz-fritz.de\/en\/company-profile\/services\/"]}]},{"@type":"BreadcrumbList","@id":"https:\/\/www.heinz-fritz.de\/en\/company-profile\/services\/#breadcrumb","itemListElement":[{"@type":"ListItem","position":1,"name":"Home","item":"https:\/\/www.heinz-fritz.de\/en\/"},{"@type":"ListItem","position":2,"name":"Company profile","item":"https:\/\/www.heinz-fritz.de\/en\/company-profile\/"},{"@type":"ListItem","position":3,"name":"Services"}]},{"@type":"WebSite","@id":"https:\/\/www.heinz-fritz.de\/en\/#website","url":"https:\/\/www.heinz-fritz.de\/en\/","name":"Heinz Fritz GmbH Kunststoffverarbeitung","description":"","potentialAction":[{"@type":"SearchAction","target":{"@type":"EntryPoint","urlTemplate":"https:\/\/www.heinz-fritz.de\/en\/?s={search_term_string}"},"query-input":{"@type":"PropertyValueSpecification","valueRequired":true,"valueName":"search_term_string"}}],"inLanguage":"en-US"}]}},"_links":{"self":[{"href":"https:\/\/www.heinz-fritz.de\/en\/wp-json\/wp\/v2\/pages\/1053","targetHints":{"allow":["GET"]}}],"collection":[{"href":"https:\/\/www.heinz-fritz.de\/en\/wp-json\/wp\/v2\/pages"}],"about":[{"href":"https:\/\/www.heinz-fritz.de\/en\/wp-json\/wp\/v2\/types\/page"}],"author":[{"embeddable":true,"href":"https:\/\/www.heinz-fritz.de\/en\/wp-json\/wp\/v2\/users\/1"}],"replies":[{"embeddable":true,"href":"https:\/\/www.heinz-fritz.de\/en\/wp-json\/wp\/v2\/comments?post=1053"}],"version-history":[{"count":2,"href":"https:\/\/www.heinz-fritz.de\/en\/wp-json\/wp\/v2\/pages\/1053\/revisions"}],"predecessor-version":[{"id":1958,"href":"https:\/\/www.heinz-fritz.de\/en\/wp-json\/wp\/v2\/pages\/1053\/revisions\/1958"}],"up":[{"embeddable":true,"href":"https:\/\/www.heinz-fritz.de\/en\/wp-json\/wp\/v2\/pages\/555"}],"wp:attachment":[{"href":"https:\/\/www.heinz-fritz.de\/en\/wp-json\/wp\/v2\/media?parent=1053"}],"curies":[{"name":"wp","href":"https:\/\/api.w.org\/{rel}","templated":true}]}}