{"id":1009,"date":"2019-03-12T08:42:10","date_gmt":"2019-03-12T08:42:10","guid":{"rendered":"http:\/\/neu.heinz-fritz.de\/company-profile\/efre\/"},"modified":"2020-01-28T15:04:28","modified_gmt":"2020-01-28T14:04:28","slug":"efre","status":"publish","type":"page","link":"https:\/\/www.heinz-fritz.de\/en\/company-profile\/efre\/","title":{"rendered":"EFRE"},"content":{"rendered":"<h1>EFRE Project<\/h1>\n<h2>new bulding of an production hall and warehouse<\/h2>\n<p><b>Ziel des Projekts:<\/b><br \/>\nProduktion von gro\u00dfen Druckk\u00f6rpern aus Acrylglas sowie die Weiterentwicklung von Klebe-, Tiefzieh- und Umformverfahren<\/p>\n<p><b>Projektzusammenfassung Deutsch:\u00a0<\/b><br \/>\nDie Heinz Fritz GmbH stellt unterschiedlichste Acrylglaselemente her und entwickelt die dazu notwendigen Klebetechniken und -verfahren.<br \/>\nDerzeit arbeitet sie an der Entwicklung von Druckk\u00f6rpern f\u00fcr U-Boote sowie an der Weiterentwicklung der Klebe-, Tiefzieh- und Umformverfahren. Mit der F\u00f6rderung wird der Neubau einer Produktions- und Lagerhalle unterst\u00fctzt, durch welche gro\u00dfvolumige Projekte parallel gefertigt und noch gr\u00f6\u00dfere Druckk\u00f6rper entwickelt werden k\u00f6nnen.<\/p>\n<p><a href=\"https:\/\/efre-bw.de\/\"><img loading=\"lazy\" decoding=\"async\" class=\"alignnone wp-image-1015 size-full\" src=\"https:\/\/www.heinz-fritz.de\/wordpress\/wp-content\/uploads\/2019\/03\/EFRE_BW_700.jpg\" alt=\"\" width=\"680\" height=\"146\" \/><\/a><\/p>\n","protected":false},"excerpt":{"rendered":"<p>EFRE Project new bulding of an production hall and warehouse Ziel des Projekts: Produktion von gro\u00dfen Druckk\u00f6rpern aus Acrylglas sowie die Weiterentwicklung von Klebe-, Tiefzieh- und Umformverfahren Projektzusammenfassung Deutsch:\u00a0 Die Heinz Fritz GmbH stellt unterschiedlichste Acrylglaselemente her und entwickelt die dazu notwendigen Klebetechniken und -verfahren. Derzeit arbeitet sie an der Entwicklung von Druckk\u00f6rpern f\u00fcr U-Boote&#8230;<\/p>\n<p><a class=\"excerpt-read-more btn btn-primary\" href=\"https:\/\/www.heinz-fritz.de\/en\/company-profile\/efre\/\" title=\"ReadEFRE\">Read More<\/a><\/p>\n","protected":false},"author":1,"featured_media":0,"parent":555,"menu_order":0,"comment_status":"closed","ping_status":"closed","template":"","meta":{"footnotes":""},"class_list":["post-1009","page","type-page","status-publish","hentry"],"yoast_head":"<!-- This site is optimized with the Yoast SEO plugin v27.2 - https:\/\/yoast.com\/product\/yoast-seo-wordpress\/ -->\r\n<title>EFRE - Heinz Fritz GmbH Kunststoffverarbeitung<\/title>\r\n<meta name=\"robots\" content=\"index, follow, max-snippet:-1, max-image-preview:large, max-video-preview:-1\" \/>\r\n<link rel=\"canonical\" href=\"https:\/\/www.heinz-fritz.de\/en\/company-profile\/efre\/\" \/>\r\n<meta property=\"og:locale\" content=\"en_US\" \/>\r\n<meta property=\"og:type\" content=\"article\" \/>\r\n<meta property=\"og:title\" content=\"EFRE - Heinz Fritz GmbH Kunststoffverarbeitung\" \/>\r\n<meta property=\"og:description\" content=\"EFRE Project new bulding of an production hall and warehouse Ziel des Projekts: Produktion von gro\u00dfen Druckk\u00f6rpern aus Acrylglas sowie die Weiterentwicklung von Klebe-, Tiefzieh- und Umformverfahren Projektzusammenfassung Deutsch:\u00a0 Die Heinz Fritz GmbH stellt unterschiedlichste Acrylglaselemente her und entwickelt die dazu notwendigen Klebetechniken und -verfahren. Derzeit arbeitet sie an der Entwicklung von Druckk\u00f6rpern f\u00fcr U-Boote...Read More\" \/>\r\n<meta property=\"og:url\" content=\"https:\/\/www.heinz-fritz.de\/en\/company-profile\/efre\/\" \/>\r\n<meta property=\"og:site_name\" content=\"Heinz Fritz GmbH Kunststoffverarbeitung\" \/>\r\n<meta property=\"article:modified_time\" content=\"2020-01-28T14:04:28+00:00\" \/>\r\n<meta property=\"og:image\" content=\"https:\/\/www.heinz-fritz.de\/wordpress\/wp-content\/uploads\/2019\/03\/EFRE_BW_700.jpg\" \/>\r\n<script type=\"application\/ld+json\" class=\"yoast-schema-graph\">{\"@context\":\"https:\/\/schema.org\",\"@graph\":[{\"@type\":\"WebPage\",\"@id\":\"https:\/\/www.heinz-fritz.de\/en\/company-profile\/efre\/\",\"url\":\"https:\/\/www.heinz-fritz.de\/en\/company-profile\/efre\/\",\"name\":\"EFRE - Heinz Fritz GmbH Kunststoffverarbeitung\",\"isPartOf\":{\"@id\":\"https:\/\/www.heinz-fritz.de\/en\/#website\"},\"primaryImageOfPage\":{\"@id\":\"https:\/\/www.heinz-fritz.de\/en\/company-profile\/efre\/#primaryimage\"},\"image\":{\"@id\":\"https:\/\/www.heinz-fritz.de\/en\/company-profile\/efre\/#primaryimage\"},\"thumbnailUrl\":\"https:\/\/www.heinz-fritz.de\/wordpress\/wp-content\/uploads\/2019\/03\/EFRE_BW_700.jpg\",\"datePublished\":\"2019-03-12T08:42:10+00:00\",\"dateModified\":\"2020-01-28T14:04:28+00:00\",\"breadcrumb\":{\"@id\":\"https:\/\/www.heinz-fritz.de\/en\/company-profile\/efre\/#breadcrumb\"},\"inLanguage\":\"en-US\",\"potentialAction\":[{\"@type\":\"ReadAction\",\"target\":[\"https:\/\/www.heinz-fritz.de\/en\/company-profile\/efre\/\"]}]},{\"@type\":\"ImageObject\",\"inLanguage\":\"en-US\",\"@id\":\"https:\/\/www.heinz-fritz.de\/en\/company-profile\/efre\/#primaryimage\",\"url\":\"https:\/\/www.heinz-fritz.de\/wordpress\/wp-content\/uploads\/2019\/03\/EFRE_BW_700.jpg\",\"contentUrl\":\"https:\/\/www.heinz-fritz.de\/wordpress\/wp-content\/uploads\/2019\/03\/EFRE_BW_700.jpg\"},{\"@type\":\"BreadcrumbList\",\"@id\":\"https:\/\/www.heinz-fritz.de\/en\/company-profile\/efre\/#breadcrumb\",\"itemListElement\":[{\"@type\":\"ListItem\",\"position\":1,\"name\":\"Home\",\"item\":\"https:\/\/www.heinz-fritz.de\/en\/\"},{\"@type\":\"ListItem\",\"position\":2,\"name\":\"Company profile\",\"item\":\"https:\/\/www.heinz-fritz.de\/en\/company-profile\/\"},{\"@type\":\"ListItem\",\"position\":3,\"name\":\"EFRE\"}]},{\"@type\":\"WebSite\",\"@id\":\"https:\/\/www.heinz-fritz.de\/en\/#website\",\"url\":\"https:\/\/www.heinz-fritz.de\/en\/\",\"name\":\"Heinz Fritz GmbH Kunststoffverarbeitung\",\"description\":\"\",\"potentialAction\":[{\"@type\":\"SearchAction\",\"target\":{\"@type\":\"EntryPoint\",\"urlTemplate\":\"https:\/\/www.heinz-fritz.de\/en\/?s={search_term_string}\"},\"query-input\":{\"@type\":\"PropertyValueSpecification\",\"valueRequired\":true,\"valueName\":\"search_term_string\"}}],\"inLanguage\":\"en-US\"}]}<\/script>\r\n<!-- \/ Yoast SEO plugin. -->","yoast_head_json":{"title":"EFRE - Heinz Fritz GmbH Kunststoffverarbeitung","robots":{"index":"index","follow":"follow","max-snippet":"max-snippet:-1","max-image-preview":"max-image-preview:large","max-video-preview":"max-video-preview:-1"},"canonical":"https:\/\/www.heinz-fritz.de\/en\/company-profile\/efre\/","og_locale":"en_US","og_type":"article","og_title":"EFRE - Heinz Fritz GmbH Kunststoffverarbeitung","og_description":"EFRE Project new bulding of an production hall and warehouse Ziel des Projekts: Produktion von gro\u00dfen Druckk\u00f6rpern aus Acrylglas sowie die Weiterentwicklung von Klebe-, Tiefzieh- und Umformverfahren Projektzusammenfassung Deutsch:\u00a0 Die Heinz Fritz GmbH stellt unterschiedlichste Acrylglaselemente her und entwickelt die dazu notwendigen Klebetechniken und -verfahren. Derzeit arbeitet sie an der Entwicklung von Druckk\u00f6rpern f\u00fcr U-Boote...Read More","og_url":"https:\/\/www.heinz-fritz.de\/en\/company-profile\/efre\/","og_site_name":"Heinz Fritz GmbH Kunststoffverarbeitung","article_modified_time":"2020-01-28T14:04:28+00:00","og_image":[{"url":"https:\/\/www.heinz-fritz.de\/wordpress\/wp-content\/uploads\/2019\/03\/EFRE_BW_700.jpg","type":"","width":"","height":""}],"schema":{"@context":"https:\/\/schema.org","@graph":[{"@type":"WebPage","@id":"https:\/\/www.heinz-fritz.de\/en\/company-profile\/efre\/","url":"https:\/\/www.heinz-fritz.de\/en\/company-profile\/efre\/","name":"EFRE - Heinz Fritz GmbH Kunststoffverarbeitung","isPartOf":{"@id":"https:\/\/www.heinz-fritz.de\/en\/#website"},"primaryImageOfPage":{"@id":"https:\/\/www.heinz-fritz.de\/en\/company-profile\/efre\/#primaryimage"},"image":{"@id":"https:\/\/www.heinz-fritz.de\/en\/company-profile\/efre\/#primaryimage"},"thumbnailUrl":"https:\/\/www.heinz-fritz.de\/wordpress\/wp-content\/uploads\/2019\/03\/EFRE_BW_700.jpg","datePublished":"2019-03-12T08:42:10+00:00","dateModified":"2020-01-28T14:04:28+00:00","breadcrumb":{"@id":"https:\/\/www.heinz-fritz.de\/en\/company-profile\/efre\/#breadcrumb"},"inLanguage":"en-US","potentialAction":[{"@type":"ReadAction","target":["https:\/\/www.heinz-fritz.de\/en\/company-profile\/efre\/"]}]},{"@type":"ImageObject","inLanguage":"en-US","@id":"https:\/\/www.heinz-fritz.de\/en\/company-profile\/efre\/#primaryimage","url":"https:\/\/www.heinz-fritz.de\/wordpress\/wp-content\/uploads\/2019\/03\/EFRE_BW_700.jpg","contentUrl":"https:\/\/www.heinz-fritz.de\/wordpress\/wp-content\/uploads\/2019\/03\/EFRE_BW_700.jpg"},{"@type":"BreadcrumbList","@id":"https:\/\/www.heinz-fritz.de\/en\/company-profile\/efre\/#breadcrumb","itemListElement":[{"@type":"ListItem","position":1,"name":"Home","item":"https:\/\/www.heinz-fritz.de\/en\/"},{"@type":"ListItem","position":2,"name":"Company profile","item":"https:\/\/www.heinz-fritz.de\/en\/company-profile\/"},{"@type":"ListItem","position":3,"name":"EFRE"}]},{"@type":"WebSite","@id":"https:\/\/www.heinz-fritz.de\/en\/#website","url":"https:\/\/www.heinz-fritz.de\/en\/","name":"Heinz Fritz GmbH Kunststoffverarbeitung","description":"","potentialAction":[{"@type":"SearchAction","target":{"@type":"EntryPoint","urlTemplate":"https:\/\/www.heinz-fritz.de\/en\/?s={search_term_string}"},"query-input":{"@type":"PropertyValueSpecification","valueRequired":true,"valueName":"search_term_string"}}],"inLanguage":"en-US"}]}},"_links":{"self":[{"href":"https:\/\/www.heinz-fritz.de\/en\/wp-json\/wp\/v2\/pages\/1009","targetHints":{"allow":["GET"]}}],"collection":[{"href":"https:\/\/www.heinz-fritz.de\/en\/wp-json\/wp\/v2\/pages"}],"about":[{"href":"https:\/\/www.heinz-fritz.de\/en\/wp-json\/wp\/v2\/types\/page"}],"author":[{"embeddable":true,"href":"https:\/\/www.heinz-fritz.de\/en\/wp-json\/wp\/v2\/users\/1"}],"replies":[{"embeddable":true,"href":"https:\/\/www.heinz-fritz.de\/en\/wp-json\/wp\/v2\/comments?post=1009"}],"version-history":[{"count":4,"href":"https:\/\/www.heinz-fritz.de\/en\/wp-json\/wp\/v2\/pages\/1009\/revisions"}],"predecessor-version":[{"id":1875,"href":"https:\/\/www.heinz-fritz.de\/en\/wp-json\/wp\/v2\/pages\/1009\/revisions\/1875"}],"up":[{"embeddable":true,"href":"https:\/\/www.heinz-fritz.de\/en\/wp-json\/wp\/v2\/pages\/555"}],"wp:attachment":[{"href":"https:\/\/www.heinz-fritz.de\/en\/wp-json\/wp\/v2\/media?parent=1009"}],"curies":[{"name":"wp","href":"https:\/\/api.w.org\/{rel}","templated":true}]}}